{"id":2,"date":"2024-02-22T11:48:27","date_gmt":"2024-02-22T10:48:27","guid":{"rendered":"https:\/\/www.cncvyrobapraha.cz\/?page_id=2"},"modified":"2025-10-03T10:19:00","modified_gmt":"2025-10-03T08:19:00","slug":"zkusebni-stranka","status":"publish","type":"page","link":"https:\/\/www.cncvyrobapraha.cz\/","title":{"rendered":"\u00davodn\u00ed str\u00e1nka"},"content":{"rendered":"\n<div class=\"wp-block-buttons is-content-justification-center is-layout-flex wp-container-core-buttons-layout-1 wp-block-buttons-is-layout-flex\">\n<div class=\"wp-block-button\"><a class=\"wp-block-button__link wp-element-button\" href=\"https:\/\/www.cncvyrobapraha.cz\/?page_id=16\">Kontakt<\/a><\/div>\n<\/div>\n","protected":false},"excerpt":{"rendered":"","protected":false},"author":1,"featured_media":20,"parent":0,"menu_order":0,"comment_status":"closed","ping_status":"open","template":"","meta":{"_monsterinsights_skip_tracking":false,"_monsterinsights_sitenote_active":false,"_monsterinsights_sitenote_note":"","_monsterinsights_sitenote_category":0,"footnotes":""},"yoast_head":"<!-- This site is optimized with the Yoast SEO plugin v22.1 - https:\/\/yoast.com\/wordpress\/plugins\/seo\/ -->\n<title>\u00davodn\u00ed str\u00e1nka - CNC V\u00fdroba Praha<\/title>\n<meta name=\"robots\" content=\"index, follow, max-snippet:-1, max-image-preview:large, max-video-preview:-1\" \/>\n<link rel=\"canonical\" href=\"https:\/\/www.cncvyrobapraha.cz\/\" \/>\n<meta property=\"og:locale\" content=\"cs_CZ\" \/>\n<meta property=\"og:type\" content=\"article\" \/>\n<meta property=\"og:title\" content=\"\u00davodn\u00ed str\u00e1nka - CNC V\u00fdroba Praha\" \/>\n<meta property=\"og:url\" content=\"https:\/\/www.cncvyrobapraha.cz\/\" \/>\n<meta property=\"og:site_name\" content=\"CNC V\u00fdroba Praha\" \/>\n<meta property=\"article:modified_time\" content=\"2025-10-03T08:19:00+00:00\" \/>\n<meta property=\"og:image\" content=\"https:\/\/www.cncvyrobapraha.cz\/wp-content\/uploads\/2024\/08\/cropped-e4f237c8acac4554216aa8d7da29d3de.jpg\" \/>\n\t<meta property=\"og:image:width\" content=\"1200\" \/>\n\t<meta property=\"og:image:height\" content=\"341\" \/>\n\t<meta property=\"og:image:type\" content=\"image\/jpeg\" \/>\n<meta name=\"twitter:card\" content=\"summary_large_image\" \/>\n<meta name=\"twitter:label1\" content=\"Odhadovan\u00e1 doba \u010dten\u00ed\" \/>\n\t<meta name=\"twitter:data1\" content=\"1 minuta\" \/>\n<script type=\"application\/ld+json\" class=\"yoast-schema-graph\">{\"@context\":\"https:\/\/schema.org\",\"@graph\":[{\"@type\":\"WebPage\",\"@id\":\"https:\/\/www.cncvyrobapraha.cz\/\",\"url\":\"https:\/\/www.cncvyrobapraha.cz\/\",\"name\":\"\u00davodn\u00ed str\u00e1nka - CNC V\u00fdroba Praha\",\"isPartOf\":{\"@id\":\"https:\/\/www.cncvyrobapraha.cz\/#website\"},\"datePublished\":\"2024-02-22T10:48:27+00:00\",\"dateModified\":\"2025-10-03T08:19:00+00:00\",\"breadcrumb\":{\"@id\":\"https:\/\/www.cncvyrobapraha.cz\/#breadcrumb\"},\"inLanguage\":\"cs\",\"potentialAction\":[{\"@type\":\"ReadAction\",\"target\":[\"https:\/\/www.cncvyrobapraha.cz\/\"]}]},{\"@type\":\"BreadcrumbList\",\"@id\":\"https:\/\/www.cncvyrobapraha.cz\/#breadcrumb\",\"itemListElement\":[{\"@type\":\"ListItem\",\"position\":1,\"name\":\"Home\",\"item\":\"https:\/\/www.cncvyrobapraha.cz\/\"},{\"@type\":\"ListItem\",\"position\":2,\"name\":\"\u00davodn\u00ed str\u00e1nka\"}]},{\"@type\":\"WebSite\",\"@id\":\"https:\/\/www.cncvyrobapraha.cz\/#website\",\"url\":\"https:\/\/www.cncvyrobapraha.cz\/\",\"name\":\"CNC V\u00fdroba Praha\",\"description\":\"\",\"potentialAction\":[{\"@type\":\"SearchAction\",\"target\":{\"@type\":\"EntryPoint\",\"urlTemplate\":\"https:\/\/www.cncvyrobapraha.cz\/?s={search_term_string}\"},\"query-input\":\"required name=search_term_string\"}],\"inLanguage\":\"cs\"}]}<\/script>\n<!-- \/ Yoast SEO plugin. -->","yoast_head_json":{"title":"\u00davodn\u00ed str\u00e1nka - CNC V\u00fdroba Praha","robots":{"index":"index","follow":"follow","max-snippet":"max-snippet:-1","max-image-preview":"max-image-preview:large","max-video-preview":"max-video-preview:-1"},"canonical":"https:\/\/www.cncvyrobapraha.cz\/","og_locale":"cs_CZ","og_type":"article","og_title":"\u00davodn\u00ed str\u00e1nka - CNC V\u00fdroba Praha","og_url":"https:\/\/www.cncvyrobapraha.cz\/","og_site_name":"CNC V\u00fdroba Praha","article_modified_time":"2025-10-03T08:19:00+00:00","og_image":[{"width":1200,"height":341,"url":"https:\/\/www.cncvyrobapraha.cz\/wp-content\/uploads\/2024\/08\/cropped-e4f237c8acac4554216aa8d7da29d3de.jpg","type":"image\/jpeg"}],"twitter_card":"summary_large_image","twitter_misc":{"Odhadovan\u00e1 doba \u010dten\u00ed":"1 minuta"},"schema":{"@context":"https:\/\/schema.org","@graph":[{"@type":"WebPage","@id":"https:\/\/www.cncvyrobapraha.cz\/","url":"https:\/\/www.cncvyrobapraha.cz\/","name":"\u00davodn\u00ed str\u00e1nka - CNC V\u00fdroba Praha","isPartOf":{"@id":"https:\/\/www.cncvyrobapraha.cz\/#website"},"datePublished":"2024-02-22T10:48:27+00:00","dateModified":"2025-10-03T08:19:00+00:00","breadcrumb":{"@id":"https:\/\/www.cncvyrobapraha.cz\/#breadcrumb"},"inLanguage":"cs","potentialAction":[{"@type":"ReadAction","target":["https:\/\/www.cncvyrobapraha.cz\/"]}]},{"@type":"BreadcrumbList","@id":"https:\/\/www.cncvyrobapraha.cz\/#breadcrumb","itemListElement":[{"@type":"ListItem","position":1,"name":"Home","item":"https:\/\/www.cncvyrobapraha.cz\/"},{"@type":"ListItem","position":2,"name":"\u00davodn\u00ed str\u00e1nka"}]},{"@type":"WebSite","@id":"https:\/\/www.cncvyrobapraha.cz\/#website","url":"https:\/\/www.cncvyrobapraha.cz\/","name":"CNC V\u00fdroba Praha","description":"","potentialAction":[{"@type":"SearchAction","target":{"@type":"EntryPoint","urlTemplate":"https:\/\/www.cncvyrobapraha.cz\/?s={search_term_string}"},"query-input":"required name=search_term_string"}],"inLanguage":"cs"}]}},"_links":{"self":[{"href":"https:\/\/www.cncvyrobapraha.cz\/index.php?rest_route=\/wp\/v2\/pages\/2"}],"collection":[{"href":"https:\/\/www.cncvyrobapraha.cz\/index.php?rest_route=\/wp\/v2\/pages"}],"about":[{"href":"https:\/\/www.cncvyrobapraha.cz\/index.php?rest_route=\/wp\/v2\/types\/page"}],"author":[{"embeddable":true,"href":"https:\/\/www.cncvyrobapraha.cz\/index.php?rest_route=\/wp\/v2\/users\/1"}],"replies":[{"embeddable":true,"href":"https:\/\/www.cncvyrobapraha.cz\/index.php?rest_route=%2Fwp%2Fv2%2Fcomments&post=2"}],"version-history":[{"count":5,"href":"https:\/\/www.cncvyrobapraha.cz\/index.php?rest_route=\/wp\/v2\/pages\/2\/revisions"}],"predecessor-version":[{"id":25,"href":"https:\/\/www.cncvyrobapraha.cz\/index.php?rest_route=\/wp\/v2\/pages\/2\/revisions\/25"}],"wp:featuredmedia":[{"embeddable":true,"href":"https:\/\/www.cncvyrobapraha.cz\/index.php?rest_route=\/wp\/v2\/media\/20"}],"wp:attachment":[{"href":"https:\/\/www.cncvyrobapraha.cz\/index.php?rest_route=%2Fwp%2Fv2%2Fmedia&parent=2"}],"curies":[{"name":"wp","href":"https:\/\/api.w.org\/{rel}","templated":true}]}}